{"id":347,"date":"2014-10-15T11:16:47","date_gmt":"2014-10-15T11:16:47","guid":{"rendered":"http:\/\/www.zkohornipocernice.cz\/?page_id=347"},"modified":"2019-04-15T13:03:12","modified_gmt":"2019-04-15T13:03:12","slug":"clenstvi-clenska-sekce","status":"publish","type":"page","link":"http:\/\/www.zkohornipocernice.cz\/?page_id=347","title":{"rendered":"\u010clenstv\u00ed"},"content":{"rendered":"<p><strong>\u010clensk\u00fd p\u0159\u00edsp\u011bvek<\/strong>: 1500 K\u010d \/ rok<\/p>\n<p><span style=\"color: #000000;\"><b>Hostovn\u00e9:\u00a0<\/b><\/span><\/p>\n<ul>\n<li><span style=\"color: #000000;\">1600\u00a0K\u010d \/ rok<\/span><\/li>\n<li>900 K\u010d \/ pololet\u00ed<\/li>\n<\/ul>\n<p><a href=\"http:\/\/www.zkohornipocernice.cz\/wp-content\/uploads\/2014\/10\/P\u0159ihl\u00e1\u0161ka_do_ZKO.doc\" rel=\"\">P\u0159ihl\u00e1\u0161ka_do_ZKO Horn\u00ed Po\u010dernice<\/a>\u00a0(p\u0159ihl\u00e1\u0161ku zas\u00edlejte na email: J.Kristynka@gmail.com)<\/p>\n<p>Platbu p\u0159\u00edsp\u011bvk\u016f prove\u010fte, pros\u00edm, na\u00a0<strong>\u010d.\u00fa.3766925369\/0800<\/strong>, do pozn\u00e1mky uv\u00e1d\u011bjte &#8222;\u010dlensk\u00fd p\u0159\u00edsp\u011bvek a jm\u00e9no \u010dlena&#8220;.<\/p>\n<p>Pro v\u00edce informac\u00ed kontaktujte Krist\u00fdnu Juklovou (jednatelka ZKO) na emailu:\u00a0<strong>J.Kristynka@gmail.com<\/strong><\/p>\n","protected":false},"excerpt":{"rendered":"<p>\u010clensk\u00fd p\u0159\u00edsp\u011bvek: 1500 K\u010d \/ rok Hostovn\u00e9:\u00a0 1600\u00a0K\u010d \/ rok 900 K\u010d \/ pololet\u00ed P\u0159ihl\u00e1\u0161ka_do_ZKO Horn\u00ed Po\u010dernice\u00a0(p\u0159ihl\u00e1\u0161ku zas\u00edlejte na email: J.Kristynka@gmail.com) Platbu p\u0159\u00edsp\u011bvk\u016f prove\u010fte, pros\u00edm, na\u00a0\u010d.\u00fa.3766925369\/0800, do pozn\u00e1mky uv\u00e1d\u011bjte &#8222;\u010dlensk\u00fd p\u0159\u00edsp\u011bvek a jm\u00e9no \u010dlena&#8220;. Pro v\u00edce informac\u00ed kontaktujte Krist\u00fdnu Juklovou &hellip; <a href=\"http:\/\/www.zkohornipocernice.cz\/?page_id=347\">Cel\u00fd p\u0159\u00edsp\u011bvek <span class=\"meta-nav\">&rarr;<\/span><\/a><\/p>\n","protected":false},"author":1,"featured_media":0,"parent":0,"menu_order":9,"comment_status":"closed","ping_status":"closed","template":"","meta":[],"_links":{"self":[{"href":"http:\/\/www.zkohornipocernice.cz\/index.php?rest_route=\/wp\/v2\/pages\/347"}],"collection":[{"href":"http:\/\/www.zkohornipocernice.cz\/index.php?rest_route=\/wp\/v2\/pages"}],"about":[{"href":"http:\/\/www.zkohornipocernice.cz\/index.php?rest_route=\/wp\/v2\/types\/page"}],"author":[{"embeddable":true,"href":"http:\/\/www.zkohornipocernice.cz\/index.php?rest_route=\/wp\/v2\/users\/1"}],"replies":[{"embeddable":true,"href":"http:\/\/www.zkohornipocernice.cz\/index.php?rest_route=%2Fwp%2Fv2%2Fcomments&post=347"}],"version-history":[{"count":12,"href":"http:\/\/www.zkohornipocernice.cz\/index.php?rest_route=\/wp\/v2\/pages\/347\/revisions"}],"predecessor-version":[{"id":1168,"href":"http:\/\/www.zkohornipocernice.cz\/index.php?rest_route=\/wp\/v2\/pages\/347\/revisions\/1168"}],"wp:attachment":[{"href":"http:\/\/www.zkohornipocernice.cz\/index.php?rest_route=%2Fwp%2Fv2%2Fmedia&parent=347"}],"curies":[{"name":"wp","href":"https:\/\/api.w.org\/{rel}","templated":true}]}}