{"id":918,"date":"2016-10-07T20:15:36","date_gmt":"2016-10-07T20:15:36","guid":{"rendered":"http:\/\/www.zkohornipocernice.cz\/?page_id=918"},"modified":"2019-04-30T11:12:36","modified_gmt":"2019-04-30T11:12:36","slug":"clenska-sekce-2","status":"publish","type":"page","link":"http:\/\/www.zkohornipocernice.cz\/?page_id=918","title":{"rendered":"\u010clensk\u00e1 sekce"},"content":{"rendered":"<p><strong>2019<\/strong><\/p>\n<ul>\n<li>25.2.2019 &#8211; z\u00e1pis z v\u00fdro\u010dn\u00ed \u010dlensk\u00e9 sch\u016fze (<a href=\"http:\/\/www.zkohornipocernice.cz\/wp-content\/uploads\/2016\/10\/V\u00fdro\u010dn\u00ed_sch\u016fze_25.02.2019.docx\" rel=\"\">zde<\/a>)<\/li>\n<\/ul>\n<p><strong>2018<\/strong><\/p>\n<ul>\n<li>4.4.2018 &#8211; z\u00e1pis z v\u00fdro\u010dn\u00ed \u010dlensk\u00e9 sch\u016fze (<a href=\"http:\/\/www.zkohornipocernice.cz\/wp-content\/uploads\/2016\/10\/V\u0102\u02ddro\u00c4\u0164n\u0102\u00ad_sch\u0139\u017bze_04.04.2018.docx\" rel=\"\">zde<\/a>)<\/li>\n<\/ul>\n<p><strong>2017<\/strong><\/p>\n<ul>\n<li>24.3.2017 &#8211; z\u00e1pis z v\u00fdro\u010dn\u00ed \u010dlensk\u00e9 sch\u016fze (<a href=\"http:\/\/www.zkohornipocernice.cz\/wp-content\/uploads\/2016\/10\/V\u00fdro\u010dn\u00ed_sch\u016fze_24.03.2017.docx\" rel=\"\">zde<\/a>)<\/li>\n<\/ul>\n<p><strong>2016<\/strong><\/p>\n<ul>\n<li>7.10.2016 &#8211; z\u00e1pis z \u010dlensk\u00e9 sch\u016fze (<a href=\"http:\/\/www.zkohornipocernice.cz\/wp-content\/uploads\/2016\/10\/Sch\u016fze_ZKO_07.10_2016.docx\" rel=\"\">zde<\/a>)<\/li>\n<\/ul>\n<p><strong>2015<\/strong><\/p>\n","protected":false},"excerpt":{"rendered":"<p>2019 25.2.2019 &#8211; z\u00e1pis z v\u00fdro\u010dn\u00ed \u010dlensk\u00e9 sch\u016fze (zde) 2018 4.4.2018 &#8211; z\u00e1pis z v\u00fdro\u010dn\u00ed \u010dlensk\u00e9 sch\u016fze (zde) 2017 24.3.2017 &#8211; z\u00e1pis z v\u00fdro\u010dn\u00ed \u010dlensk\u00e9 sch\u016fze (zde) 2016 7.10.2016 &#8211; z\u00e1pis z \u010dlensk\u00e9 sch\u016fze (zde) 2015<\/p>\n","protected":false},"author":1,"featured_media":0,"parent":0,"menu_order":0,"comment_status":"closed","ping_status":"closed","template":"","meta":[],"_links":{"self":[{"href":"http:\/\/www.zkohornipocernice.cz\/index.php?rest_route=\/wp\/v2\/pages\/918"}],"collection":[{"href":"http:\/\/www.zkohornipocernice.cz\/index.php?rest_route=\/wp\/v2\/pages"}],"about":[{"href":"http:\/\/www.zkohornipocernice.cz\/index.php?rest_route=\/wp\/v2\/types\/page"}],"author":[{"embeddable":true,"href":"http:\/\/www.zkohornipocernice.cz\/index.php?rest_route=\/wp\/v2\/users\/1"}],"replies":[{"embeddable":true,"href":"http:\/\/www.zkohornipocernice.cz\/index.php?rest_route=%2Fwp%2Fv2%2Fcomments&post=918"}],"version-history":[{"count":7,"href":"http:\/\/www.zkohornipocernice.cz\/index.php?rest_route=\/wp\/v2\/pages\/918\/revisions"}],"predecessor-version":[{"id":1173,"href":"http:\/\/www.zkohornipocernice.cz\/index.php?rest_route=\/wp\/v2\/pages\/918\/revisions\/1173"}],"wp:attachment":[{"href":"http:\/\/www.zkohornipocernice.cz\/index.php?rest_route=%2Fwp%2Fv2%2Fmedia&parent=918"}],"curies":[{"name":"wp","href":"https:\/\/api.w.org\/{rel}","templated":true}]}}